{"id":559,"date":"2018-01-14T22:20:35","date_gmt":"2018-01-14T22:20:35","guid":{"rendered":"https:\/\/www.sbi-steel.ro\/about-us\/"},"modified":"2025-04-23T11:59:14","modified_gmt":"2025-04-23T11:59:14","slug":"about-us","status":"publish","type":"page","link":"https:\/\/www.sbi-steel.ro\/en\/about-us\/","title":{"rendered":"About us"},"content":{"rendered":"<p>[vc_row el_id=&#8221;who-we-are&#8221; el_class=&#8221;m-t-n-md p-t-md&#8221;][vc_column][vc_gallery type=&#8221;nivo&#8221; interval=&#8221;3&#8243; source=&#8221;external_link&#8221; onclick=&#8221;&#8221; custom_srcs=&#8221;#E-8_aHR0cHMlM0ElMkYlMkZ3d3cuc2JpLXN0ZWVsLnJvJTJGd3AtY29udGVudCUyRnVwbG9hZHMlMkYyMDE3JTJGMTElMkZEZXNwcmUtbm9pLTMuanBnJTJDaHR0cHMlM0ElMkYlMkZ3d3cuc2JpLXN0ZWVsLnJvJTJGd3AtY29udGVudCUyRnVwbG9hZHMlMkYyMDE3JTJGMTElMkZEZXNwcmUtbm9pLTIuanBnJTJDaHR0cHMlM0ElMkYlMkZ3d3cuc2JpLXN0ZWVsLnJvJTJGd3AtY29udGVudCUyRnVwbG9hZHMlMkYyMDE3JTJGMTElMkZEZXNwcmUtbm9pLTEuanBn&#8221; el_class=&#8221;nav-right&#8221;][vc_custom_heading text=&#8221;About Us&#8221; use_theme_fonts=&#8221;yes&#8221; el_class=&#8221;m-b-md&#8221;][vc_column_text el_class=&#8221;lead&#8221;]Fondat\u0103 \u00een 2013, SBI Steel Industry a venit ca o completare a experien\u021bei \u00eendelungate \u00een domeniul sistemelor de ventila\u021bie a celor doi fondatori.\u00a0Am pornit la drum cu o echip\u0103 specializat\u0103 \u00een tubulatur\u0103 de ventilatie \u0219i am dezvoltat ulterior o linie de produc\u021bie complet\u0103 pentru <a href=\"https:\/\/www.sbi-steel.ro\/produse\/clapete-antifoc\/\">clapete antifoc<\/a> \u0219i <a href=\"https:\/\/www.sbi-steel.ro\/produse\/voleti-desfumare\/\">vole\u021bi de desfumare<\/a>, certificat\u0103 ISO 9001:2008.[\/vc_column_text][vc_column_text]Over time, we invested heavily in increasing the quality of our products, becoming the largest manufacturer in Romania of fire dampers and one of the biggest players in the local HVAC industry, offering complete services from planning to execution.[\/vc_column_text][vc_separator color=&#8221;custom&#8221; style=&#8221;solid&#8221; gap=&#8221;taller&#8221; accent_color=&#8221;#dbdbdb&#8221; el_class=&#8221;m-b-none&#8221;][\/vc_column][\/vc_row][vc_row el_id=&#8221;history&#8221;][vc_column][vc_custom_heading text=&#8221;History&#8221; use_theme_fonts=&#8221;yes&#8221; el_class=&#8221;m-t-xl&#8221;][vc_row_inner][vc_column_inner width=&#8221;7\/12&#8243;][vc_column_text]<\/p>\n<div id=\"attachment_252\" style=\"width: 310px\" class=\"wp-caption alignleft\"><img loading=\"lazy\" decoding=\"async\" aria-describedby=\"caption-attachment-252\" class=\"wp-image-252 size-medium\" src=\"https:\/\/www.sbi-steel.ro\/wp-content\/uploads\/2016\/07\/SBI-Steel-Industry-sediu-300x187.jpg\" alt=\"Sediu SBI Steel Industry\" width=\"300\" height=\"187\" srcset=\"https:\/\/www.sbi-steel.ro\/wp-content\/uploads\/2016\/07\/SBI-Steel-Industry-sediu-300x187.jpg 300w, https:\/\/www.sbi-steel.ro\/wp-content\/uploads\/2016\/07\/SBI-Steel-Industry-sediu-768x479.jpg 768w, https:\/\/www.sbi-steel.ro\/wp-content\/uploads\/2016\/07\/SBI-Steel-Industry-sediu-1024x639.jpg 1024w, https:\/\/www.sbi-steel.ro\/wp-content\/uploads\/2016\/07\/SBI-Steel-Industry-sediu.jpg 1200w\" sizes=\"(max-width: 300px) 100vw, 300px\" \/><p id=\"caption-attachment-252\" class=\"wp-caption-text\">Sediu SBI Steel Industry<\/p><\/div>\n<p>Inaugurat \u00een 2016, noul nostru sediu din Afuma\u021bi, jud. Ilfov, reprezint\u0103 o investi\u021bie pentru viitor, fiind prima etap\u0103 din planul de dezvoltare. Calitatea produselor noastre, certificat\u0103 prin teste recunoscute la nivel mondial \u0219i investi\u021biile constante \u00een eficientizarea procesului de produc\u021bie \u0219i dezvoltarea angaja\u021bilor sunt garan\u021bia unei dezvolt\u0103ri solide \u0219i de lung\u0103 durat\u0103.[\/vc_column_text][\/vc_column_inner][vc_column_inner width=&#8221;5\/12&#8243;][vc_column_text]<\/p>\n<ul class=\"list list-unstyled list-primary list-borders m-t-n\">\n<li class=\"m-t-none p-t p-b appear-animation\" data-appear-animation=\"fadeInUp\" data-appear-animation-delay=\"0\"><strong class=\"text-color-primary font-size-xl\">2017 &#8211;\u00a0<\/strong>Investi\u021bii semnificative pentru amenajarea spa\u021biilor \u0219i cre\u0219terea calit\u0103\u021bii produselor noastre.<\/li>\n<li class=\"m-t-none p-t p-b appear-animation\" data-appear-animation=\"fadeInUp\" data-appear-animation-delay=\"100\"><strong class=\"text-color-primary font-size-xl\">2016 &#8211;\u00a0<\/strong>Ne mut\u0103m activitea \u00een propria cl\u0103dire din Afumati, jud. Ilfov \u0219i ne consolid\u0103m\u00a0pozi\u021bia pe pia\u021b\u0103 ca cel mai mare producator din Rom\u00e2nia de clapete antifoc.<\/li>\n<li class=\"m-t-none p-t p-b appear-animation\" data-appear-animation=\"fadeInUp\" data-appear-animation-delay=\"200\"><strong class=\"text-color-primary font-size-xl\">2015 &#8211; <\/strong>\u00cencepem produc\u021bia de tubulatur\u0103 industrial\u0103 \u0219i atingem pragul de 25 angaja\u021bi.<\/li>\n<li class=\"m-t-none p-t p-b appear-animation\" data-appear-animation=\"fadeInUp\" data-appear-animation-delay=\"300\"><strong class=\"text-color-primary font-size-xl\">2014 &#8211; <\/strong>\u00cencepem investi\u021biile la linia de produc\u021bie pentru clapete antifoc \u0219i vole\u021bi de desfumare.<\/li>\n<li class=\"m-t-none p-t p-b appear-animation\" data-appear-animation=\"fadeInUp\" data-appear-animation-delay=\"400\"><strong class=\"text-color-primary font-size-xl\">2013 &#8211; <\/strong> Compania este \u00eenfiin\u021bat\u0103, oferind servicii complete \u00een domeniul instala\u021biilor.<\/li>\n<\/ul>\n<p>[\/vc_column_text][\/vc_column_inner][\/vc_row_inner][vc_separator color=&#8221;custom&#8221; style=&#8221;solid&#8221; gap=&#8221;tall&#8221; accent_color=&#8221;#dbdbdb&#8221; el_class=&#8221;m-b-none&#8221;][\/vc_column][\/vc_row][vc_row el_id=&#8221;mission-vision&#8221;][vc_column][vc_custom_heading text=&#8221;Our mission and vision are not just beautiful words written to look good. We&#8217;re sure you will be convinced of this on the first collaboration opportunity.&#8221; font_container=&#8221;tag:h5|text_align:left&#8221; use_theme_fonts=&#8221;yes&#8221; el_class=&#8221;m-t-xl&#8221;][vc_row_inner][vc_column_inner width=&#8221;1\/2&#8243; animation_type=&#8221;fadeInUp&#8221;]<div class=\"aio-icon-component   m-t-xxl style_1\"><div id=\"Info-box-wrap-8011\" class=\"aio-icon-box top-icon\" style=\"\"  ><div class=\"aio-icon-top\"><div class=\"ult-just-icon-wrapper  \"><div class=\"align-icon\" style=\"text-align:center;\">\n<div class=\"aio-icon none \"  style=\"color:#e04622;font-size:40px;display:inline-block;\">\n\t<i class=\"Simple-Line-Icons-target\"><\/i>\n<\/div><\/div><\/div><\/div><div class=\"aio-icon-header\" ><h3 class=\"aio-icon-title ult-responsive\"  data-ultimate-target='#Info-box-wrap-8011 .aio-icon-title'  data-responsive-json-new='{\"font-size\":\"desktop:30px;\",\"line-height\":\"\"}'  style=\"font-family:&#039;Open Sans&#039;;font-weight:300;color:#2e353e;\">Mission<\/h3><\/div> <!-- header --><div class=\"aio-icon-description ult-responsive\"  data-ultimate-target='#Info-box-wrap-8011 .aio-icon-description'  data-responsive-json-new='{\"font-size\":\"\",\"line-height\":\"\"}'  style=\"\">Misiunea noastr\u0103 este s\u0103 ne afirm\u0103m ca un partener \u015fi furnizor competitiv, capabil s\u0103 satisfac\u0103 nevoile specifice ale clien\u0163ilor prin produse de \u00eenalt\u0103 calitate \u015fi solu\u021bii inovatoare, oferind \u00een acela\u0219i timp beneficii pe termen lung tuturor p\u0103r\u021bilor implicate.<\/div> <!-- description --><\/div> <!-- aio-icon-box --><\/div> <!-- aio-icon-component -->[\/vc_column_inner][vc_column_inner width=&#8221;1\/2&#8243; animation_delay=&#8221;300&#8243; animation_type=&#8221;fadeInUp&#8221;]<div class=\"aio-icon-component   m-t-xxl style_1\"><div id=\"Info-box-wrap-2964\" class=\"aio-icon-box top-icon\" style=\"\"  ><div class=\"aio-icon-top\"><div class=\"ult-just-icon-wrapper  \"><div class=\"align-icon\" style=\"text-align:center;\">\n<div class=\"aio-icon none \"  style=\"color:#e04622;font-size:40px;display:inline-block;\">\n\t<i class=\"Simple-Line-Icons-eye\"><\/i>\n<\/div><\/div><\/div><\/div><div class=\"aio-icon-header\" ><h3 class=\"aio-icon-title ult-responsive\"  data-ultimate-target='#Info-box-wrap-2964 .aio-icon-title'  data-responsive-json-new='{\"font-size\":\"desktop:30px;\",\"line-height\":\"\"}'  style=\"font-family:&#039;Open Sans&#039;;font-weight:300;color:#2e353e;\">Vision<\/h3><\/div> <!-- header --><div class=\"aio-icon-description ult-responsive\"  data-ultimate-target='#Info-box-wrap-2964 .aio-icon-description'  data-responsive-json-new='{\"font-size\":\"\",\"line-height\":\"\"}'  style=\"\">Viziunea noastr\u0103 este s\u0103 fim prima alegere a partenerilor no\u015ftri, oferindu-le \u00een mod eficient produsele \u015fi solu\u0163iile de care au nevoie \u0219i av\u00e2nd permanent o atitudine pozitiv\u0103, pasiune \u015fi convingere \u00een tot ceea ce facem.<\/div> <!-- description --><\/div> <!-- aio-icon-box --><\/div> <!-- aio-icon-component -->[\/vc_column_inner][\/vc_row_inner][vc_separator color=&#8221;custom&#8221; style=&#8221;solid&#8221; gap=&#8221;taller&#8221; accent_color=&#8221;#dbdbdb&#8221; el_class=&#8221;m-b-none&#8221;][\/vc_column][\/vc_row]<\/p>\n","protected":false},"excerpt":{"rendered":"<p>[vc_row el_id=&#8221;who-we-are&#8221; el_class=&#8221;m-t-n-md p-t-md&#8221;][vc_column][vc_gallery type=&#8221;nivo&#8221; interval=&#8221;3&#8243; source=&#8221;external_link&#8221; onclick=&#8221;&#8221; custom_srcs=&#8221;#E-8_aHR0cHMlM0ElMkYlMkZ3d3cuc2JpLXN0ZWVsLnJvJTJGd3AtY29udGVudCUyRnVwbG9hZHMlMkYyMDE3JTJGMTElMkZEZXNwcmUtbm9pLTMuanBnJTJDaHR0cHMlM0ElMkYlMkZ3d3cuc2JpLXN0ZWVsLnJvJTJGd3AtY29udGVudCUyRnVwbG9hZHMlMkYyMDE3JTJGMTElMkZEZXNwcmUtbm9pLTIuanBnJTJDaHR0cHMlM0ElMkYlMkZ3d3cuc2JpLXN0ZWVsLnJvJTJGd3AtY29udGVudCUyRnVwbG9hZHMlMkYyMDE3JTJGMTElMkZEZXNwcmUtbm9pLTEuanBn&#8221; el_class=&#8221;nav-right&#8221;][vc_custom_heading text=&#8221;About Us&#8221; use_theme_fonts=&#8221;yes&#8221; el_class=&#8221;m-b-md&#8221;][vc_column_text el_class=&#8221;lead&#8221;]Fondat\u0103 \u00een 2013, SBI Steel Industry a venit ca o completare a experien\u021bei \u00eendelungate \u00een domeniul sistemelor de ventila\u021bie a celor doi fondatori.\u00a0Am pornit la drum cu o echip\u0103 specializat\u0103 \u00een tubulatur\u0103 de ventilatie \u0219i am dezvoltat ulterior o linie de [&hellip;]<\/p>\n","protected":false},"author":1,"featured_media":0,"parent":0,"menu_order":0,"comment_status":"closed","ping_status":"closed","template":"","meta":{"footnotes":""},"class_list":["post-559","page","type-page","status-publish","hentry"],"_links":{"self":[{"href":"https:\/\/www.sbi-steel.ro\/en\/wp-json\/wp\/v2\/pages\/559"}],"collection":[{"href":"https:\/\/www.sbi-steel.ro\/en\/wp-json\/wp\/v2\/pages"}],"about":[{"href":"https:\/\/www.sbi-steel.ro\/en\/wp-json\/wp\/v2\/types\/page"}],"author":[{"embeddable":true,"href":"https:\/\/www.sbi-steel.ro\/en\/wp-json\/wp\/v2\/users\/1"}],"replies":[{"embeddable":true,"href":"https:\/\/www.sbi-steel.ro\/en\/wp-json\/wp\/v2\/comments?post=559"}],"version-history":[{"count":21,"href":"https:\/\/www.sbi-steel.ro\/en\/wp-json\/wp\/v2\/pages\/559\/revisions"}],"predecessor-version":[{"id":2120,"href":"https:\/\/www.sbi-steel.ro\/en\/wp-json\/wp\/v2\/pages\/559\/revisions\/2120"}],"wp:attachment":[{"href":"https:\/\/www.sbi-steel.ro\/en\/wp-json\/wp\/v2\/media?parent=559"}],"curies":[{"name":"wp","href":"https:\/\/api.w.org\/{rel}","templated":true}]}}