{"id":521,"date":"2018-01-05T09:55:31","date_gmt":"2018-01-05T09:55:31","guid":{"rendered":"https:\/\/www.sbi-steel.ro\/?page_id=521"},"modified":"2025-04-23T11:59:13","modified_gmt":"2025-04-23T11:59:13","slug":"home","status":"publish","type":"page","link":"https:\/\/www.sbi-steel.ro\/en\/","title":{"rendered":"Home"},"content":{"rendered":"<p>[vc_row wrap_container=&#8221;yes&#8221; el_class=&#8221;p-t-xxl p-b-xxl&#8221;][vc_column offset=&#8221;vc_col-md-4&#8243;][vc_custom_heading text=&#8221;About us&#8221; use_theme_fonts=&#8221;yes&#8221; el_class=&#8221;m-t-md m-b-none&#8221;][vc_column_text el_class=&#8221;lead m-b-none&#8221;]shortly.[\/vc_column_text][\/vc_column][vc_column width=&#8221;1\/6&#8243; offset=&#8221;vc_hidden-sm vc_hidden-xs&#8221;][vc_single_image source=&#8221;external_link&#8221; custom_src=&#8221;https:\/\/www.sbi-steel.ro\/wp-content\/uploads\/2018\/01\/dotted-line-angle.png&#8221; el_class=&#8221;m-t-n-xs m-b-none&#8221;][\/vc_column][vc_column offset=&#8221;vc_col-md-6&#8243;][vc_column_text el_class=&#8221;m-t-md m-b-none&#8221;]Po\u021bi s\u0103 ne consideri un one-stop-shop, partenerul t\u0103u cu solu\u021bii complete pentru sisteme de ventila\u021bii \u0219i climatizare industriale \u0219i reziden\u021biale, certificat ISO 9001:2008.<\/p>\n<p><a href=\"https:\/\/www.sbi-steel.ro\/despre-noi\/\">Mai multe \u00bb<\/a>[\/vc_column_text][\/vc_column][\/vc_row][vc_row wrap_container=&#8221;yes&#8221; is_section=&#8221;yes&#8221; section_skin=&#8221;tertiary&#8221; remove_margin_top=&#8221;yes&#8221; remove_margin_bottom=&#8221;yes&#8221; remove_border=&#8221;yes&#8221; el_class=&#8221;section-custom-construction&#8221;][vc_column 0=&#8221;&#8221;][vc_custom_heading text=&#8221;Our products&#8221; use_theme_fonts=&#8221;yes&#8221; el_class=&#8221;m-t-md m-b-none&#8221;][vc_column_text el_class=&#8221;lead m-b-xl&#8221;]manufactured with attention to details in Romania.[\/vc_column_text][vc_row_inner 0=&#8221;&#8221;][vc_column_inner width=&#8221;1\/2&#8243; animation_type=&#8221;fadeInUp&#8221;]<div class=\"aio-icon-component    style_1\"><div id=\"Info-box-wrap-3553\" class=\"aio-icon-box left-icon\" style=\"\"  ><div class=\"aio-icon-left\"><div class=\"ult-just-icon-wrapper  \"><div class=\"align-icon\" style=\"text-align:center;\">\n<div class=\"aio-icon-img \" style=\"font-size:50px;display:inline-block;\" >\n\t<img decoding=\"async\" class=\"img-icon\" alt=\"Clapete antifoc\" src=\"https:\/\/www.sbi-steel.ro\/wp-content\/uploads\/2016\/07\/Clapete-antifoc.png\"\/>\n<\/div><\/div><\/div><\/div><div class=\"aio-ibd-block\"><div class=\"aio-icon-header\" ><h3 class=\"aio-icon-title ult-responsive\"  data-ultimate-target='#Info-box-wrap-3553 .aio-icon-title'  data-responsive-json-new='{\"font-size\":\"desktop:20px;\",\"line-height\":\"\"}'  style=\"\">Clapete antifoc rectangulare FD-E120\/EI60S<\/h3><\/div> <!-- header --><div class=\"aio-icon-description ult-responsive\"  data-ultimate-target='#Info-box-wrap-3553 .aio-icon-description'  data-responsive-json-new='{\"font-size\":\"\",\"line-height\":\"\"}'  style=\"\">Suntem cel mai mare produc\u0103tor din Rom\u00e2nia de clapete antifoc FD-E120\/EI60S, cu cel mai scurt timp de livrare a comenzilor. Durata de via\u021b\u0103 a clapetelor noastre este de 25 de ani \u0219i sunt testate la foc conform SR EN 1366-2\/2004.<a class=\"aio-icon-read xx\" href=\"http:\/\/sbi-steel.ro\/produse\/clapete-antifoc\/\"   >More&nbsp;&raquo;<\/a><\/div> <!-- description --><\/div> <!-- aio-ibd-block --><\/div> <!-- aio-icon-box --><\/div> <!-- aio-icon-component -->[\/vc_column_inner][vc_column_inner width=&#8221;1\/2&#8243; animation_delay=&#8221;300&#8243; animation_type=&#8221;fadeInUp&#8221;]<div class=\"aio-icon-component    style_1\"><div id=\"Info-box-wrap-4679\" class=\"aio-icon-box left-icon\" style=\"\"  ><div class=\"aio-icon-left\"><div class=\"ult-just-icon-wrapper  \"><div class=\"align-icon\" style=\"text-align:center;\">\n<div class=\"aio-icon-img \" style=\"font-size:50px;display:inline-block;\" >\n\t<img decoding=\"async\" class=\"img-icon\" alt=\"Clapete antifoc\" src=\"https:\/\/www.sbi-steel.ro\/wp-content\/uploads\/2016\/07\/Clapete-antifoc.png\"\/>\n<\/div><\/div><\/div><\/div><div class=\"aio-ibd-block\"><div class=\"aio-icon-header\" ><h3 class=\"aio-icon-title ult-responsive\"  data-ultimate-target='#Info-box-wrap-4679 .aio-icon-title'  data-responsive-json-new='{\"font-size\":\"desktop:20px;\",\"line-height\":\"\"}'  style=\"\">Clapete antifoc rectangulare FD-EI120S<\/h3><\/div> <!-- header --><div class=\"aio-icon-description ult-responsive\"  data-ultimate-target='#Info-box-wrap-4679 .aio-icon-description'  data-responsive-json-new='{\"font-size\":\"\",\"line-height\":\"\"}'  style=\"\">Societarea nostr\u0103 produce clape\u021bi antifoc rectangulari pentru izolarea golurilor \u00eentre compartimentele de incendiu, testate conform standardului EN 1366-2:2015.<a class=\"aio-icon-read xx\" href=\"https:\/\/www.sbi-steel.ro\/produse\/clapete-antifoc-rectangulare-fd-ei120s\/\"   >More&nbsp;&raquo;<\/a><\/div> <!-- description --><\/div> <!-- aio-ibd-block --><\/div> <!-- aio-icon-box --><\/div> <!-- aio-icon-component -->[\/vc_column_inner][\/vc_row_inner][vc_row_inner 0=&#8221;&#8221;][vc_column_inner width=&#8221;1\/2&#8243; animation_type=&#8221;fadeInUp&#8221;]<div class=\"aio-icon-component    style_1\"><div id=\"Info-box-wrap-6429\" class=\"aio-icon-box left-icon\" style=\"\"  ><div class=\"aio-icon-left\"><div class=\"ult-just-icon-wrapper  \"><div class=\"align-icon\" style=\"text-align:center;\">\n<div class=\"aio-icon-img \" style=\"font-size:50px;display:inline-block;\" >\n\t<img decoding=\"async\" class=\"img-icon\" alt=\"Clapete antifoc\" src=\"https:\/\/www.sbi-steel.ro\/wp-content\/uploads\/2016\/07\/Clapete-antifoc.png\"\/>\n<\/div><\/div><\/div><\/div><div class=\"aio-ibd-block\"><div class=\"aio-icon-header\" ><h3 class=\"aio-icon-title ult-responsive\"  data-ultimate-target='#Info-box-wrap-6429 .aio-icon-title'  data-responsive-json-new='{\"font-size\":\"desktop:20px;\",\"line-height\":\"\"}'  style=\"\">Rectangular fire dampers FD-EI240S<\/h3><\/div> <!-- header --><div class=\"aio-icon-description ult-responsive\"  data-ultimate-target='#Info-box-wrap-6429 .aio-icon-description'  data-responsive-json-new='{\"font-size\":\"\",\"line-height\":\"\"}'  style=\"\">Rectangular fire dampers FD-EI240S, with 4 hours fire spreading protection, tested according to SR EN 1366-2:2015 and with a life time of 25 years. Made in Romania and delivered quickly.<a class=\"aio-icon-read xx\" href=\"https:\/\/www.sbi-steel.ro\/produse\/clapete-antifoc-rectangulare-fd-ei240s\/\"   >More&nbsp;&raquo;<\/a><\/div> <!-- description --><\/div> <!-- aio-ibd-block --><\/div> <!-- aio-icon-box --><\/div> <!-- aio-icon-component -->[\/vc_column_inner][vc_column_inner width=&#8221;1\/2&#8243; animation_delay=&#8221;300&#8243; animation_type=&#8221;fadeInUp&#8221;]<div class=\"aio-icon-component    style_1\"><div id=\"Info-box-wrap-7208\" class=\"aio-icon-box left-icon\" style=\"\"  ><div class=\"aio-icon-left\"><div class=\"ult-just-icon-wrapper  \"><div class=\"align-icon\" style=\"text-align:center;\">\n<div class=\"aio-icon-img \" style=\"font-size:50px;display:inline-block;\" >\n\t<img decoding=\"async\" class=\"img-icon\" alt=\"Clapete antifoc\" src=\"https:\/\/www.sbi-steel.ro\/wp-content\/uploads\/2016\/07\/Clapete-antifoc.png\"\/>\n<\/div><\/div><\/div><\/div><div class=\"aio-ibd-block\"><div class=\"aio-icon-header\" ><h3 class=\"aio-icon-title ult-responsive\"  data-ultimate-target='#Info-box-wrap-7208 .aio-icon-title'  data-responsive-json-new='{\"font-size\":\"desktop:20px;\",\"line-height\":\"\"}'  style=\"\">Clapete Antifoc Circulare FD-EI120S<\/h3><\/div> <!-- header --><div class=\"aio-icon-description ult-responsive\"  data-ultimate-target='#Info-box-wrap-7208 .aio-icon-description'  data-responsive-json-new='{\"font-size\":\"\",\"line-height\":\"\"}'  style=\"\">Clapete antifoc circulare FD-EI120S, certificate CE , testate conform standardului EN 1366-2:2015, clasificare conform EN 13501-3 p\u00e2n\u0103 la EIS 120, m\u0103rimi nominale de la DN125 p\u00e2n\u0103 la DN630, produse \u00een Rom\u00e2nia.<a class=\"aio-icon-read xx\" href=\"https:\/\/www.sbi-steel.ro\/produse\/clapete-antifoc-circulare-fd-ei120s\/\"   >More&nbsp;&raquo;<\/a><\/div> <!-- description --><\/div> <!-- aio-ibd-block --><\/div> <!-- aio-icon-box --><\/div> <!-- aio-icon-component -->[\/vc_column_inner][\/vc_row_inner][vc_row_inner 0=&#8221;&#8221;][vc_column_inner width=&#8221;1\/2&#8243; animation_type=&#8221;fadeInUp&#8221;]<div class=\"aio-icon-component    style_1\"><div id=\"Info-box-wrap-6701\" class=\"aio-icon-box left-icon\" style=\"\"  ><div class=\"aio-icon-left\"><div class=\"ult-just-icon-wrapper  \"><div class=\"align-icon\" style=\"text-align:center;\">\n<div class=\"aio-icon-img \" style=\"font-size:50px;display:inline-block;\" >\n\t<img decoding=\"async\" class=\"img-icon\" alt=\"Clapete reglaj\" src=\"https:\/\/www.sbi-steel.ro\/wp-content\/uploads\/2018\/01\/Clapete-reglaj.png\"\/>\n<\/div><\/div><\/div><\/div><div class=\"aio-ibd-block\"><div class=\"aio-icon-header\" ><h3 class=\"aio-icon-title ult-responsive\"  data-ultimate-target='#Info-box-wrap-6701 .aio-icon-title'  data-responsive-json-new='{\"font-size\":\"desktop:20px;\",\"line-height\":\"\"}'  style=\"\">Vole\u021bi cu servomotor SD-EI120S-M<\/h3><\/div> <!-- header --><div class=\"aio-icon-description ult-responsive\"  data-ultimate-target='#Info-box-wrap-6701 .aio-icon-description'  data-responsive-json-new='{\"font-size\":\"\",\"line-height\":\"\"}'  style=\"\">Clapetele pentru controlul fumului \u0219i gazelor fierbin\u021bi\u00a0 sunt utilizate \u00een sistemele pentru controlul fumului \u0219i gazelor fierbin\u021bi ca mijloace de evacuare a fumului\u00a0 \u0219i de reducere a num\u0103rului de conducte \u0219i ventilatoare rezistente la foc.<a class=\"aio-icon-read xx\" href=\"https:\/\/www.sbi-steel.ro\/produse\/clapete-pentru-controlul-fumului-rectangulare-sd-ei120s-m\/\"   >More&nbsp;&raquo;<\/a><\/div> <!-- description --><\/div> <!-- aio-ibd-block --><\/div> <!-- aio-icon-box --><\/div> <!-- aio-icon-component -->[\/vc_column_inner][vc_column_inner width=&#8221;1\/2&#8243;]<div class=\"aio-icon-component    style_1\"><div id=\"Info-box-wrap-2068\" class=\"aio-icon-box left-icon\" style=\"\"  ><div class=\"aio-icon-left\"><div class=\"ult-just-icon-wrapper  \"><div class=\"align-icon\" style=\"text-align:center;\">\n<div class=\"aio-icon-img \" style=\"font-size:50px;display:inline-block;\" >\n\t<img decoding=\"async\" class=\"img-icon\" alt=\"Desfumare\" src=\"https:\/\/www.sbi-steel.ro\/wp-content\/uploads\/2016\/07\/Desfumare.png\"\/>\n<\/div><\/div><\/div><\/div><div class=\"aio-ibd-block\"><div class=\"aio-icon-header\" ><h3 class=\"aio-icon-title ult-responsive\"  data-ultimate-target='#Info-box-wrap-2068 .aio-icon-title'  data-responsive-json-new='{\"font-size\":\"desktop:20px;\",\"line-height\":\"\"}'  style=\"\">Vole\u021bi cu servomotor SD-E120S<\/h3><\/div> <!-- header --><div class=\"aio-icon-description ult-responsive\"  data-ultimate-target='#Info-box-wrap-2068 .aio-icon-description'  data-responsive-json-new='{\"font-size\":\"\",\"line-height\":\"\"}'  style=\"\">Fabricate \u00een Rom\u00e2nia, vole\u021bii cu servomotor SD-E120S asigur\u0103 protec\u021bie timp de 120 de min \u00eempotriva propag\u0103rii unui eventual incendiu prin tubulatura de ventila\u021bie &#8211; climatizare.<a class=\"aio-icon-read xx\" href=\"https:\/\/www.sbi-steel.ro\/produse\/voleti-servomotor-sd-e120s\/\"   >More&nbsp;&raquo;<\/a><\/div> <!-- description --><\/div> <!-- aio-ibd-block --><\/div> <!-- aio-icon-box --><\/div> <!-- aio-icon-component -->[\/vc_column_inner][\/vc_row_inner][vc_row_inner 0=&#8221;&#8221;][vc_column_inner width=&#8221;1\/2&#8243; animation_type=&#8221;fadeInUp&#8221;]<div class=\"aio-icon-component    style_1\"><div id=\"Info-box-wrap-9410\" class=\"aio-icon-box left-icon\" style=\"\"  ><div class=\"aio-icon-left\"><div class=\"ult-just-icon-wrapper  \"><div class=\"align-icon\" style=\"text-align:center;\">\n<div class=\"aio-icon-img \" style=\"font-size:50px;display:inline-block;\" >\n\t<img decoding=\"async\" class=\"img-icon\" alt=\"Desfumare\" src=\"https:\/\/www.sbi-steel.ro\/wp-content\/uploads\/2016\/07\/Desfumare.png\"\/>\n<\/div><\/div><\/div><\/div><div class=\"aio-ibd-block\"><div class=\"aio-icon-header\" ><h3 class=\"aio-icon-title ult-responsive\"  data-ultimate-target='#Info-box-wrap-9410 .aio-icon-title'  data-responsive-json-new='{\"font-size\":\"desktop:20px;\",\"line-height\":\"\"}'  style=\"\">Vole\u021bi cu electromagnet SD-EI120S<\/h3><\/div> <!-- header --><div class=\"aio-icon-description ult-responsive\"  data-ultimate-target='#Info-box-wrap-9410 .aio-icon-description'  data-responsive-json-new='{\"font-size\":\"\",\"line-height\":\"\"}'  style=\"\">Vole\u021bii cu electromagnet SD-EI120S sunt utiliza\u021bi \u00een instala\u021biile de ventila\u021bie \u0219i climatizare, care deservesc cl\u0103dirile de birou, cl\u0103dirile industriale, spa\u021biile comerciale, spitalele, s\u0103lile de spectacole \u0219i competi\u021bii.<a class=\"aio-icon-read xx\" href=\"https:\/\/www.sbi-steel.ro\/produse\/voleti-electromagnet-sd-ei120s\/\"   >More&nbsp;&raquo;<\/a><\/div> <!-- description --><\/div> <!-- aio-ibd-block --><\/div> <!-- aio-icon-box --><\/div> <!-- aio-icon-component -->[\/vc_column_inner][vc_column_inner width=&#8221;1\/2&#8243;]<div class=\"aio-icon-component    style_1\"><div id=\"Info-box-wrap-8145\" class=\"aio-icon-box left-icon\" style=\"\"  ><div class=\"aio-icon-left\"><div class=\"ult-just-icon-wrapper  \"><div class=\"align-icon\" style=\"text-align:center;\">\n<div class=\"aio-icon-img \" style=\"font-size:50px;display:inline-block;\" >\n\t<img decoding=\"async\" class=\"img-icon\" alt=\"Clapete reglaj\" src=\"https:\/\/www.sbi-steel.ro\/wp-content\/uploads\/2018\/01\/Clapete-reglaj.png\"\/>\n<\/div><\/div><\/div><\/div><div class=\"aio-ibd-block\"><div class=\"aio-icon-header\" ><h3 class=\"aio-icon-title ult-responsive\"  data-ultimate-target='#Info-box-wrap-8145 .aio-icon-title'  data-responsive-json-new='{\"font-size\":\"desktop:20px;\",\"line-height\":\"\"}'  style=\"\">Dampers<\/h3><\/div> <!-- header --><div class=\"aio-icon-description ult-responsive\"  data-ultimate-target='#Info-box-wrap-8145 .aio-icon-description'  data-responsive-json-new='{\"font-size\":\"\",\"line-height\":\"\"}'  style=\"\">Folosite pentru reglarea debitului de aer \u00een sistemele de ventila\u0163ie, pot fi ac\u021bionate manual sau motorizat (servomotoare Belimo) \u0219i pot fi prev\u0103zute cu garnituri de etan\u0219are din cauciuc.<a class=\"aio-icon-read xx\" href=\"http:\/\/sbi-steel.ro\/produse\/clapete-reglaj\/\"   >More&nbsp;&raquo;<\/a><\/div> <!-- description --><\/div> <!-- aio-ibd-block --><\/div> <!-- aio-icon-box --><\/div> <!-- aio-icon-component -->[\/vc_column_inner][\/vc_row_inner][vc_row_inner 0=&#8221;&#8221;][vc_column_inner width=&#8221;1\/2&#8243; animation_type=&#8221;fadeInUp&#8221;]<div class=\"aio-icon-component    style_1\"><div id=\"Info-box-wrap-5311\" class=\"aio-icon-box left-icon\" style=\"\"  ><div class=\"aio-icon-left\"><div class=\"ult-just-icon-wrapper  \"><div class=\"align-icon\" style=\"text-align:center;\">\n<div class=\"aio-icon-img \" style=\"font-size:50px;display:inline-block;\" >\n\t<img decoding=\"async\" class=\"img-icon\" alt=\"Tubulatura industriala\" src=\"https:\/\/www.sbi-steel.ro\/wp-content\/uploads\/2018\/01\/Tubulatura-industriala.png\"\/>\n<\/div><\/div><\/div><\/div><div class=\"aio-ibd-block\"><div class=\"aio-icon-header\" ><h3 class=\"aio-icon-title ult-responsive\"  data-ultimate-target='#Info-box-wrap-5311 .aio-icon-title'  data-responsive-json-new='{\"font-size\":\"desktop:20px;\",\"line-height\":\"\"}'  style=\"\">Industrial Piping<\/h3><\/div> <!-- header --><div class=\"aio-icon-description ult-responsive\"  data-ultimate-target='#Info-box-wrap-5311 .aio-icon-description'  data-responsive-json-new='{\"font-size\":\"\",\"line-height\":\"\"}'  style=\"\">Producem tronsoane de \u021bevi roluite \u0219i sudate cu diverse configura\u021bii \u0219i izometrii, din diferite tipuri de material OL, inox 304\/316 cu grosimi \u00eentre 1-6 mm.<a class=\"aio-icon-read xx\" href=\"http:\/\/sbi-steel.ro\/produse\/tubulatura-industriala\/\"   >More&nbsp;&raquo;<\/a><\/div> <!-- description --><\/div> <!-- aio-ibd-block --><\/div> <!-- aio-icon-box --><\/div> <!-- aio-icon-component -->[\/vc_column_inner][vc_column_inner width=&#8221;1\/2&#8243;]<div class=\"aio-icon-component    style_1\"><div id=\"Info-box-wrap-9520\" class=\"aio-icon-box left-icon\" style=\"\"  ><div class=\"aio-icon-left\"><div class=\"ult-just-icon-wrapper  \"><div class=\"align-icon\" style=\"text-align:center;\">\n<div class=\"aio-icon-img \" style=\"font-size:50px;display:inline-block;\" >\n\t<img decoding=\"async\" class=\"img-icon\" alt=\"Grile ventilatii\" src=\"https:\/\/www.sbi-steel.ro\/wp-content\/uploads\/2016\/07\/Grile-ventilatii.png\"\/>\n<\/div><\/div><\/div><\/div><div class=\"aio-ibd-block\"><div class=\"aio-icon-header\" ><h3 class=\"aio-icon-title ult-responsive\"  data-ultimate-target='#Info-box-wrap-9520 .aio-icon-title'  data-responsive-json-new='{\"font-size\":\"desktop:20px;\",\"line-height\":\"\"}'  style=\"\">Ventilation Grids<\/h3><\/div> <!-- header --><div class=\"aio-icon-description ult-responsive\"  data-ultimate-target='#Info-box-wrap-9520 .aio-icon-description'  data-responsive-json-new='{\"font-size\":\"\",\"line-height\":\"\"}'  style=\"\">We sell a wide range of ventilation grids and our certified specialists offer assistance and solutions for any HVAC application.<a class=\"aio-icon-read xx\" href=\"http:\/\/sbi-steel.ro\/produse\/grile-ventilatie\/\"   >More&nbsp;&raquo;<\/a><\/div> <!-- description --><\/div> <!-- aio-ibd-block --><\/div> <!-- aio-icon-box --><\/div> <!-- aio-icon-component -->[\/vc_column_inner][\/vc_row_inner][\/vc_column][\/vc_row][vc_row wrap_container=&#8221;yes&#8221; is_section=&#8221;yes&#8221; section_skin=&#8221;parallax&#8221; remove_margin_top=&#8221;yes&#8221; remove_margin_bottom=&#8221;yes&#8221; remove_border=&#8221;yes&#8221; bg_type=&#8221;image&#8221; parallax_style=&#8221;vcpb-default&#8221; bg_image_new=&#8221;id^112|url^http:https:\/\/www.sbi-steel.ro\/wp-content\/uploads\/2016\/07\/home-concept-small.png|caption^null|alt^null|title^home-concept-small|description^null&#8221; bg_image_repeat=&#8221;no-repeat&#8221; bg_image_size=&#8221;initial&#8221; bg_image_posiiton=&#8221;50% 63%&#8221; el_class=&#8221;home-concept-construction&#8221;][vc_column 0=&#8221;&#8221;][vc_custom_heading text=&#8221;Portfolio&#8221; use_theme_fonts=&#8221;yes&#8221; el_class=&#8221;m-t-md m-b-none&#8221;][vc_column_text el_class=&#8221;lead m-b-xl&#8221;]of works where our products have been used.[\/vc_column_text]<div class=\"lightbox\" data-plugin-options=\"{&quot;delegate&quot;:&quot;.diamond&quot;,&quot;type&quot;:&quot;image&quot;,&quot;gallery&quot;:{&quot;enabled&quot;:true}}\"><ul class=\"porto-diamonds wpb_content_element \">    <li>\r\n        <a href=\"https:\/\/www.sbi-steel.ro\/wp-content\/uploads\/2016\/07\/AFI-Park-4-5.jpg\" class=\"diamond\" title=\"\">\r\n            <div class=\"content\">\r\n                <img decoding=\"async\" src=\"https:\/\/www.sbi-steel.ro\/wp-content\/uploads\/2016\/07\/AFI-Park-4-5.jpg\" alt=\"\" class=\"img-responsive\">\r\n            <\/div>\r\n        <\/a>\r\n    <\/li>\r\n    <li>\r\n        <a href=\"https:\/\/www.sbi-steel.ro\/wp-content\/uploads\/2016\/07\/Bosch-1.jpg\" class=\"diamond\" title=\"\">\r\n            <div class=\"content\">\r\n                <img decoding=\"async\" src=\"https:\/\/www.sbi-steel.ro\/wp-content\/uploads\/2016\/07\/Bosch-1.jpg\" alt=\"\" class=\"img-responsive\">\r\n            <\/div>\r\n        <\/a>\r\n    <\/li>\r\n    <li>\r\n        <a href=\"https:\/\/www.sbi-steel.ro\/wp-content\/uploads\/2016\/07\/Ten-Blocks-1.jpg\" class=\"diamond\" title=\"\">\r\n            <div class=\"content\">\r\n                <img decoding=\"async\" src=\"https:\/\/www.sbi-steel.ro\/wp-content\/uploads\/2016\/07\/Ten-Blocks-1.jpg\" alt=\"\" class=\"img-responsive\">\r\n            <\/div>\r\n        <\/a>\r\n    <\/li>\r\n    <li>\r\n        <a href=\"https:\/\/www.sbi-steel.ro\/wp-content\/uploads\/2016\/07\/AFI-Palace.jpg\" class=\"diamond diamond-sm\" title=\"\">\r\n            <div class=\"content\">\r\n                <img decoding=\"async\" src=\"https:\/\/www.sbi-steel.ro\/wp-content\/uploads\/2016\/07\/AFI-Palace.jpg\" alt=\"\" class=\"img-responsive\">\r\n            <\/div>\r\n        <\/a>\r\n    <\/li>\r\n    <li>\r\n        <a href=\"https:\/\/www.sbi-steel.ro\/wp-content\/uploads\/2016\/07\/Mall-Coresi-2.jpg\" class=\"diamond\" title=\"\">\r\n            <div class=\"content\">\r\n                <img decoding=\"async\" src=\"https:\/\/www.sbi-steel.ro\/wp-content\/uploads\/2016\/07\/Mall-Coresi-2.jpg\" alt=\"\" class=\"img-responsive\">\r\n            <\/div>\r\n        <\/a>\r\n    <\/li>\r\n    <li>\r\n        <a href=\"https:\/\/www.sbi-steel.ro\/wp-content\/uploads\/2016\/07\/Deveselu-2.jpg\" class=\"diamond diamond-sm\" title=\"\">\r\n            <div class=\"content\">\r\n                <img decoding=\"async\" src=\"https:\/\/www.sbi-steel.ro\/wp-content\/uploads\/2016\/07\/Deveselu-2.jpg\" alt=\"\" class=\"img-responsive\">\r\n            <\/div>\r\n        <\/a>\r\n    <\/li>\r\n    <li>\r\n        <a href=\"https:\/\/www.sbi-steel.ro\/wp-content\/uploads\/2016\/07\/AFI-Park-3-2.jpg\" class=\"diamond diamond-sm\" title=\"\">\r\n            <div class=\"content\">\r\n                <img decoding=\"async\" src=\"https:\/\/www.sbi-steel.ro\/wp-content\/uploads\/2016\/07\/AFI-Park-3-2.jpg\" alt=\"\" class=\"img-responsive\">\r\n            <\/div>\r\n        <\/a>\r\n    <\/li>\r\n<\/ul><\/div>[vc_row_inner 0=&#8221;&#8221;][vc_column_inner el_class=&#8221;row-diamons-description&#8221; width=&#8221;1\/2&#8243;][vc_column_text el_class=&#8221;m-b-md&#8221;]We invite you to browse some of the projects where our products have been used. We look forward to your discovery of our solutions and the team of professionals behind them.[\/vc_column_text][vc_btn title=&#8221;All Portfolio&#8221; style=&#8221;outline&#8221; shape=&#8221;square&#8221; skin=&#8221;primary&#8221; link=&#8221;url:http%3A%2F%2Fwww.sbi-steel.ro%2Fportofoliu%2F|&#8221;][\/vc_column_inner][\/vc_row_inner][\/vc_column][\/vc_row]<\/p>\n","protected":false},"excerpt":{"rendered":"<p>[vc_row wrap_container=&#8221;yes&#8221; el_class=&#8221;p-t-xxl p-b-xxl&#8221;][vc_column offset=&#8221;vc_col-md-4&#8243;][vc_custom_heading text=&#8221;About us&#8221; use_theme_fonts=&#8221;yes&#8221; el_class=&#8221;m-t-md m-b-none&#8221;][vc_column_text el_class=&#8221;lead m-b-none&#8221;]shortly.[\/vc_column_text][\/vc_column][vc_column width=&#8221;1\/6&#8243; offset=&#8221;vc_hidden-sm vc_hidden-xs&#8221;][vc_single_image source=&#8221;external_link&#8221; custom_src=&#8221;https:\/\/www.sbi-steel.ro\/wp-content\/uploads\/2018\/01\/dotted-line-angle.png&#8221; el_class=&#8221;m-t-n-xs m-b-none&#8221;][\/vc_column][vc_column offset=&#8221;vc_col-md-6&#8243;][vc_column_text el_class=&#8221;m-t-md m-b-none&#8221;]Po\u021bi s\u0103 ne consideri un one-stop-shop, partenerul t\u0103u cu solu\u021bii complete pentru sisteme de ventila\u021bii \u0219i climatizare industriale \u0219i reziden\u021biale, certificat ISO 9001:2008. Mai multe \u00bb[\/vc_column_text][\/vc_column][\/vc_row][vc_row wrap_container=&#8221;yes&#8221; is_section=&#8221;yes&#8221; section_skin=&#8221;tertiary&#8221; remove_margin_top=&#8221;yes&#8221; remove_margin_bottom=&#8221;yes&#8221; remove_border=&#8221;yes&#8221; el_class=&#8221;section-custom-construction&#8221;][vc_column 0=&#8221;&#8221;][vc_custom_heading [&hellip;]<\/p>\n","protected":false},"author":1,"featured_media":0,"parent":0,"menu_order":0,"comment_status":"closed","ping_status":"closed","template":"","meta":{"footnotes":""},"class_list":["post-521","page","type-page","status-publish","hentry"],"_links":{"self":[{"href":"https:\/\/www.sbi-steel.ro\/en\/wp-json\/wp\/v2\/pages\/521"}],"collection":[{"href":"https:\/\/www.sbi-steel.ro\/en\/wp-json\/wp\/v2\/pages"}],"about":[{"href":"https:\/\/www.sbi-steel.ro\/en\/wp-json\/wp\/v2\/types\/page"}],"author":[{"embeddable":true,"href":"https:\/\/www.sbi-steel.ro\/en\/wp-json\/wp\/v2\/users\/1"}],"replies":[{"embeddable":true,"href":"https:\/\/www.sbi-steel.ro\/en\/wp-json\/wp\/v2\/comments?post=521"}],"version-history":[{"count":54,"href":"https:\/\/www.sbi-steel.ro\/en\/wp-json\/wp\/v2\/pages\/521\/revisions"}],"predecessor-version":[{"id":2117,"href":"https:\/\/www.sbi-steel.ro\/en\/wp-json\/wp\/v2\/pages\/521\/revisions\/2117"}],"wp:attachment":[{"href":"https:\/\/www.sbi-steel.ro\/en\/wp-json\/wp\/v2\/media?parent=521"}],"curies":[{"name":"wp","href":"https:\/\/api.w.org\/{rel}","templated":true}]}}